{"id":135,"date":"2026-03-02T14:52:21","date_gmt":"2026-03-02T14:52:21","guid":{"rendered":"https:\/\/bnbpourdeux.com\/?page_id=135"},"modified":"2026-03-23T15:17:34","modified_gmt":"2026-03-23T15:17:34","slug":"blog","status":"publish","type":"page","link":"https:\/\/bnbpourdeux.com\/index.php\/blog\/","title":{"rendered":"Blog"},"content":{"rendered":"<p>[et_pb_section fb_built=\u00a0\u00bb1&Prime; _builder_version=\u00a0\u00bb4.16&Prime; global_colors_info=\u00a0\u00bb{}\u00a0\u00bb][et_pb_row _builder_version=\u00a0\u00bb4.27.5&Prime; _module_preset=\u00a0\u00bbdefault\u00a0\u00bb global_colors_info=\u00a0\u00bb{}\u00a0\u00bb][et_pb_column type=\u00a0\u00bb4_4&Prime; _builder_version=\u00a0\u00bb4.27.5&Prime; _module_preset=\u00a0\u00bbdefault\u00a0\u00bb global_colors_info=\u00a0\u00bb{}\u00a0\u00bb][et_pb_text _builder_version=\u00a0\u00bb4.27.5&Prime; _module_preset=\u00a0\u00bbdefault\u00a0\u00bb hover_enabled=\u00a0\u00bb0&Prime; global_colors_info=\u00a0\u00bb{}\u00a0\u00bb sticky_enabled=\u00a0\u00bb0&Prime;]<\/p>\n<h1><strong>Explorez nos carnets de voyage : Choisissez votre prochaine escale<\/strong><\/h1>\n<p data-path-to-node=\"4\">Parce que chaque couple est unique, nos guides sont con\u00e7us pour r\u00e9pondre \u00e0 toutes vos envies d&rsquo;\u00e9vasion. Que vous r\u00eaviez d&rsquo;une immersion culturelle au c\u0153ur des cit\u00e9s antiques, d&rsquo;une pause iod\u00e9e sur des falaises sauvages ou d&rsquo;une retraite gourmande dans les vignobles, retrouvez ici l&rsquo;int\u00e9gralit\u00e9 de nos r\u00e9cits et conseils experts.<\/p>\n<p>[\/et_pb_text][\/et_pb_column][\/et_pb_row][et_pb_row _builder_version=\u00a0\u00bb4.27.5&Prime; _module_preset=\u00a0\u00bbdefault\u00a0\u00bb global_colors_info=\u00a0\u00bb{}\u00a0\u00bb][et_pb_column type=\u00a0\u00bb4_4&Prime; _builder_version=\u00a0\u00bb4.27.5&Prime; _module_preset=\u00a0\u00bbdefault\u00a0\u00bb global_colors_info=\u00a0\u00bb{}\u00a0\u00bb][et_pb_blog posts_number=\u00a0\u00bb3&Prime; include_categories=\u00a0\u00bb7,12,10,11&Prime; show_author=\u00a0\u00bboff\u00a0\u00bb show_date=\u00a0\u00bboff\u00a0\u00bb show_categories=\u00a0\u00bboff\u00a0\u00bb _builder_version=\u00a0\u00bb4.27.5&Prime; _module_preset=\u00a0\u00bbdefault\u00a0\u00bb global_colors_info=\u00a0\u00bb{}\u00a0\u00bb][\/et_pb_blog][\/et_pb_column][\/et_pb_row][\/et_pb_section]<\/p>\n","protected":false},"excerpt":{"rendered":"<p>Explorez nos carnets de voyage : Choisissez votre prochaine escale Parce que chaque couple est unique, nos guides sont con\u00e7us pour r\u00e9pondre \u00e0 toutes vos envies d&rsquo;\u00e9vasion. Que vous r\u00eaviez d&rsquo;une immersion culturelle au c\u0153ur des cit\u00e9s antiques, d&rsquo;une pause iod\u00e9e sur des falaises sauvages ou d&rsquo;une retraite gourmande dans les vignobles, retrouvez ici l&rsquo;int\u00e9gralit\u00e9 [&hellip;]<\/p>\n","protected":false},"author":1,"featured_media":0,"parent":0,"menu_order":0,"comment_status":"closed","ping_status":"closed","template":"","meta":{"_et_pb_use_builder":"on","_et_pb_old_content":"<!-- wp:paragraph -->\n<p>Vous avez une question ? Une demande de collaboration ? Un projet ? Nous serions ravis d\u2019\u00e9changer avec vous. Vous pouvez nous contacter par e-mail ou via le formulaire de contact ci-dessous.<\/p>\n<!-- \/wp:paragraph -->\n\n<!-- wp:paragraph -->\n<p><\/p>\n<!-- \/wp:paragraph -->\n\n<!-- wp:paragraph -->\n<p><\/p>\n<!-- \/wp:paragraph -->","_et_gb_content_width":"","footnotes":""},"class_list":["post-135","page","type-page","status-publish","hentry"],"yoast_head":"<!-- This site is optimized with the Yoast SEO plugin v26.9 - https:\/\/yoast.com\/product\/yoast-seo-wordpress\/ -->\n<title>Blog - bnb pour deux<\/title>\n<meta name=\"robots\" content=\"index, follow, max-snippet:-1, max-image-preview:large, max-video-preview:-1\" \/>\n<link rel=\"canonical\" href=\"https:\/\/bnbpourdeux.com\/index.php\/blog\/\" \/>\n<meta property=\"og:locale\" content=\"fr_FR\" \/>\n<meta property=\"og:type\" content=\"article\" \/>\n<meta property=\"og:title\" content=\"Blog - bnb pour deux\" \/>\n<meta property=\"og:description\" content=\"Explorez nos carnets de voyage : Choisissez votre prochaine escale Parce que chaque couple est unique, nos guides sont con\u00e7us pour r\u00e9pondre \u00e0 toutes vos envies d&#039;\u00e9vasion. Que vous r\u00eaviez d&#039;une immersion culturelle au c\u0153ur des cit\u00e9s antiques, d&#039;une pause iod\u00e9e sur des falaises sauvages ou d&#039;une retraite gourmande dans les vignobles, retrouvez ici l&#039;int\u00e9gralit\u00e9 [&hellip;]\" \/>\n<meta property=\"og:url\" content=\"https:\/\/bnbpourdeux.com\/index.php\/blog\/\" \/>\n<meta property=\"og:site_name\" content=\"bnb pour deux\" \/>\n<meta property=\"article:modified_time\" content=\"2026-03-23T15:17:34+00:00\" \/>\n<meta name=\"twitter:card\" content=\"summary_large_image\" \/>\n<meta name=\"twitter:label1\" content=\"Dur\u00e9e de lecture estim\u00e9e\" \/>\n\t<meta name=\"twitter:data1\" content=\"1 minute\" \/>\n<script type=\"application\/ld+json\" class=\"yoast-schema-graph\">{\"@context\":\"https:\/\/schema.org\",\"@graph\":[{\"@type\":\"WebPage\",\"@id\":\"https:\/\/bnbpourdeux.com\/index.php\/blog\/\",\"url\":\"https:\/\/bnbpourdeux.com\/index.php\/blog\/\",\"name\":\"Blog - bnb pour deux\",\"isPartOf\":{\"@id\":\"https:\/\/bnbpourdeux.com\/#website\"},\"datePublished\":\"2026-03-02T14:52:21+00:00\",\"dateModified\":\"2026-03-23T15:17:34+00:00\",\"breadcrumb\":{\"@id\":\"https:\/\/bnbpourdeux.com\/index.php\/blog\/#breadcrumb\"},\"inLanguage\":\"fr-FR\",\"potentialAction\":[{\"@type\":\"ReadAction\",\"target\":[\"https:\/\/bnbpourdeux.com\/index.php\/blog\/\"]}]},{\"@type\":\"BreadcrumbList\",\"@id\":\"https:\/\/bnbpourdeux.com\/index.php\/blog\/#breadcrumb\",\"itemListElement\":[{\"@type\":\"ListItem\",\"position\":1,\"name\":\"Accueil\",\"item\":\"https:\/\/bnbpourdeux.com\/\"},{\"@type\":\"ListItem\",\"position\":2,\"name\":\"Blog\"}]},{\"@type\":\"WebSite\",\"@id\":\"https:\/\/bnbpourdeux.com\/#website\",\"url\":\"https:\/\/bnbpourdeux.com\/\",\"name\":\"bnb pour deux\",\"description\":\"\",\"potentialAction\":[{\"@type\":\"SearchAction\",\"target\":{\"@type\":\"EntryPoint\",\"urlTemplate\":\"https:\/\/bnbpourdeux.com\/?s={search_term_string}\"},\"query-input\":{\"@type\":\"PropertyValueSpecification\",\"valueRequired\":true,\"valueName\":\"search_term_string\"}}],\"inLanguage\":\"fr-FR\"}]}<\/script>\n<!-- \/ Yoast SEO plugin. -->","yoast_head_json":{"title":"Blog - bnb pour deux","robots":{"index":"index","follow":"follow","max-snippet":"max-snippet:-1","max-image-preview":"max-image-preview:large","max-video-preview":"max-video-preview:-1"},"canonical":"https:\/\/bnbpourdeux.com\/index.php\/blog\/","og_locale":"fr_FR","og_type":"article","og_title":"Blog - bnb pour deux","og_description":"Explorez nos carnets de voyage : Choisissez votre prochaine escale Parce que chaque couple est unique, nos guides sont con\u00e7us pour r\u00e9pondre \u00e0 toutes vos envies d'\u00e9vasion. Que vous r\u00eaviez d'une immersion culturelle au c\u0153ur des cit\u00e9s antiques, d'une pause iod\u00e9e sur des falaises sauvages ou d'une retraite gourmande dans les vignobles, retrouvez ici l'int\u00e9gralit\u00e9 [&hellip;]","og_url":"https:\/\/bnbpourdeux.com\/index.php\/blog\/","og_site_name":"bnb pour deux","article_modified_time":"2026-03-23T15:17:34+00:00","twitter_card":"summary_large_image","twitter_misc":{"Dur\u00e9e de lecture estim\u00e9e":"1 minute"},"schema":{"@context":"https:\/\/schema.org","@graph":[{"@type":"WebPage","@id":"https:\/\/bnbpourdeux.com\/index.php\/blog\/","url":"https:\/\/bnbpourdeux.com\/index.php\/blog\/","name":"Blog - bnb pour deux","isPartOf":{"@id":"https:\/\/bnbpourdeux.com\/#website"},"datePublished":"2026-03-02T14:52:21+00:00","dateModified":"2026-03-23T15:17:34+00:00","breadcrumb":{"@id":"https:\/\/bnbpourdeux.com\/index.php\/blog\/#breadcrumb"},"inLanguage":"fr-FR","potentialAction":[{"@type":"ReadAction","target":["https:\/\/bnbpourdeux.com\/index.php\/blog\/"]}]},{"@type":"BreadcrumbList","@id":"https:\/\/bnbpourdeux.com\/index.php\/blog\/#breadcrumb","itemListElement":[{"@type":"ListItem","position":1,"name":"Accueil","item":"https:\/\/bnbpourdeux.com\/"},{"@type":"ListItem","position":2,"name":"Blog"}]},{"@type":"WebSite","@id":"https:\/\/bnbpourdeux.com\/#website","url":"https:\/\/bnbpourdeux.com\/","name":"bnb pour deux","description":"","potentialAction":[{"@type":"SearchAction","target":{"@type":"EntryPoint","urlTemplate":"https:\/\/bnbpourdeux.com\/?s={search_term_string}"},"query-input":{"@type":"PropertyValueSpecification","valueRequired":true,"valueName":"search_term_string"}}],"inLanguage":"fr-FR"}]}},"_links":{"self":[{"href":"https:\/\/bnbpourdeux.com\/index.php\/wp-json\/wp\/v2\/pages\/135","targetHints":{"allow":["GET"]}}],"collection":[{"href":"https:\/\/bnbpourdeux.com\/index.php\/wp-json\/wp\/v2\/pages"}],"about":[{"href":"https:\/\/bnbpourdeux.com\/index.php\/wp-json\/wp\/v2\/types\/page"}],"author":[{"embeddable":true,"href":"https:\/\/bnbpourdeux.com\/index.php\/wp-json\/wp\/v2\/users\/1"}],"replies":[{"embeddable":true,"href":"https:\/\/bnbpourdeux.com\/index.php\/wp-json\/wp\/v2\/comments?post=135"}],"version-history":[{"count":7,"href":"https:\/\/bnbpourdeux.com\/index.php\/wp-json\/wp\/v2\/pages\/135\/revisions"}],"predecessor-version":[{"id":280,"href":"https:\/\/bnbpourdeux.com\/index.php\/wp-json\/wp\/v2\/pages\/135\/revisions\/280"}],"wp:attachment":[{"href":"https:\/\/bnbpourdeux.com\/index.php\/wp-json\/wp\/v2\/media?parent=135"}],"curies":[{"name":"wp","href":"https:\/\/api.w.org\/{rel}","templated":true}]}}